{"id":292,"date":"2023-11-20T00:32:30","date_gmt":"2023-11-19T23:32:30","guid":{"rendered":"https:\/\/www.eternal-med.eu\/patientenwaermesystem\/"},"modified":"2024-02-13T14:26:27","modified_gmt":"2024-02-13T13:26:27","slug":"patientenwaermesystem","status":"publish","type":"page","link":"https:\/\/www.eternal-med.eu\/de\/patientenwaermesystem\/","title":{"rendered":"Patientenw\u00e4rmesystem"},"content":{"rendered":"<h3 style=\"text-align: center;\">EterNal Professionelle Patientenw\u00e4rmesystem<\/h3>\n<p><span><img decoding=\"async\" alt=\"\" data-id=\"133\" width=\"459\" data-init-width=\"1024\" height=\"262\" data-init-height=\"585\" title=\"patient-warming-system\" loading=\"lazy\" src=\"https:\/\/www.eternal-med.eu\/wp-content\/uploads\/2023\/12\/patient-warming-system-1024x585.png\" data-width=\"459\" data-height=\"262\" style=\"aspect-ratio: auto 1024 \/ 585;\"><\/span><\/p>\n<p>Eternal&#8217;s professionelle L\u00f6sung f\u00fcr das Management der Patientenw\u00e4rmung hilft bei der Behandlung und Vorbeugung von Unterk\u00fchlung w\u00e4hrend des gesamten perioperativen Zeitraums. Sie wird h\u00e4ufig in der Chirurgie und Intensivpflege eingesetzt.<\/p>\n<h3 style=\"text-align: center;\">Vorteile<\/h3>\n<p style=\"text-align: left;\">Patientensicherheit<\/p>\n<p style=\"text-align: justify;\">Die Patientensicherheit wird durch die Verwendung des Eternal Warm-Serien-W\u00e4rmesystems gew\u00e4hrleistet, da sichere Systeme die Decken und Matratzen mit einer sicheren Spannung von 24V erw\u00e4rmen und wasserdicht gestaltet sind. Die Software-, Hardware- und physische Abschaltfunktion sorgen f\u00fcr eine zus\u00e4tzliche Sicherheitsebene.<\/p>\n<p style=\"text-align: left;\">Die Intelligenten Operationen<\/p>\n<p style=\"text-align: justify;\">Temperatursensoren werden verwendet, um den Arbeitsstatus des Heizsystems und die erreichte Temperatur zu messen und zu \u00fcberwachen. Um sicherzustellen, dass die K\u00f6rpertemperatur des Patienten gut aufrechterhalten wird, sind fortschrittliche Algorithmen in das System integriert, um das System intelligent am Laufen zu halten und das medizinische Personal mit Alarmen zu informieren, wenn eine ungew\u00f6hnliche Situation auftritt.<\/p>\n<p style=\"text-align: left;\">Geeignet f\u00fcr OR<\/p>\n<p style=\"text-align: justify;\">Die Patientenw\u00e4rmesysteme der Eternal Warm-Serie beeintr\u00e4chtigen nicht die Elektrochirurgieger\u00e4te und Instrumente. Die auf Kohlefaser basierende Heiztechnologie arbeitet vollkommen ger\u00e4uschlos ohne Luftstrom und eliminiert das Risiko einer luft\u00fcbertragenen Kontamination. Das Material, das in den Matratzen und Decken verwendet wird, ist r\u00f6ntgendurchl\u00e4ssig.<\/p>\n<h3 style=\"text-align: center;\">Patienten w\u00e4rmesysteme<\/h3>\n<table data-rows=\"8\" data-cols=\"3\" style=\"\">\n<thead>\n<tr>\n<th style=\"\">\n<p style=\"text-align: left;\">\n<\/th>\n<th style=\"\">\n<p style=\"\">Warm 6100<\/p>\n<p><span><img decoding=\"async\" alt=\"\" data-id=\"143\" width=\"200\" data-init-width=\"600\" height=\"200\" data-init-height=\"600\" title=\"warm6100\" loading=\"lazy\" src=\"https:\/\/www.eternal-med.eu\/wp-content\/uploads\/2023\/12\/warm6100.png\" data-width=\"200\" data-height=\"200\" style=\"aspect-ratio: auto 600 \/ 600;\"><\/span><\/th>\n<th style=\"\">\n<p style=\"\">Warm 6200<\/p>\n<p><span><img decoding=\"async\" alt=\"\" data-id=\"142\" width=\"200\" data-init-width=\"600\" height=\"200\" data-init-height=\"600\" title=\"warm6200\" loading=\"lazy\" src=\"https:\/\/www.eternal-med.eu\/wp-content\/uploads\/2023\/12\/warm6200-1.png\" data-width=\"200\" data-height=\"200\" style=\"aspect-ratio: auto 600 \/ 600;\"><\/span><\/th>\n<\/tr>\n<\/thead>\n<tbody>\n<tr>\n<td data-th=\"\" style=\"\">\n<p style=\"\">Kan\u00e4le<\/p>\n<\/td>\n<td data-th=\"Warm 6100\" style=\"\">\n<p style=\"\">1<\/p>\n<\/td>\n<td data-th=\"Warm 6200\" style=\"\">\n<p style=\"\">2<\/p>\n<\/td>\n<\/tr>\n<tr>\n<td data-th=\"\" style=\"\">\n<p style=\"\">Modus<\/p>\n<\/td>\n<td data-th=\"Warm 6100\" rowspan=\"1\" colspan=\"1\" style=\"\">\n<p style=\"\">Automatic \/ Manuel<\/p>\n<\/td>\n<td data-th=\"Warm 6200\" rowspan=\"1\" colspan=\"1\" style=\"\">\n<p style=\"\">Automatic \/ Manuel<\/p>\n<\/td>\n<\/tr>\n<tr>\n<td data-th=\"\" rowspan=\"1\" colspan=\"1\" style=\"\">\n<p style=\"\">Temperatureinstellung<\/p>\n<\/td>\n<td data-th=\"Warm 6100\" rowspan=\"1\" colspan=\"1\" style=\"\">\n<p style=\"font-size:18px;\">33-39 \u00b0C<\/p>\n<p style=\"font-size:18px;\"> Schritt 0.1 \u00b0C<\/p>\n<\/td>\n<td data-th=\"Warm 6200\" rowspan=\"1\" colspan=\"1\" style=\"\">\n<p style=\"font-size:18px;\">33-39 \u00b0C<\/p>\n<p style=\"font-size:18px;\"> Schritt 0.1 \u00b0C<\/p>\n<\/td>\n<\/tr>\n<tr>\n<td data-th=\"\" rowspan=\"1\" colspan=\"1\" style=\"\">\n<p style=\"\">Einstellung bei Manuelle Modus<\/p>\n<\/td>\n<td data-th=\"Warm 6100\" rowspan=\"1\" colspan=\"1\" style=\"\">\n<p>0%-100%, Schritt 10%<\/p>\n<\/td>\n<td data-th=\"Warm 6200\" rowspan=\"1\" colspan=\"1\" style=\"\">\n<p>0%-100%, Schritt 10%<\/p>\n<\/td>\n<\/tr>\n<tr>\n<td data-th=\"\" rowspan=\"1\" colspan=\"1\" style=\"\">\n<p style=\"text-align: left;\">Monitoring<\/p>\n<\/td>\n<td data-th=\"Warm 6100\" rowspan=\"1\" colspan=\"1\" style=\"\">\n<p style=\"text-align: center;\">Oberfl\u00e4chetemperature und K\u00f6rpertemrerature<\/p>\n<\/td>\n<td data-th=\"Warm 6200\" rowspan=\"1\" colspan=\"1\" style=\"\">\n<p style=\"text-align: center;\">Oberfl\u00e4chetemperature und K\u00f6rpertemrerature<\/p>\n<\/td>\n<\/tr>\n<tr>\n<td data-th=\"\" rowspan=\"1\" colspan=\"1\" style=\"\">\n<p style=\"text-align: left;\">Warnungen<\/p>\n<\/td>\n<td data-th=\"Warm 6100\" rowspan=\"1\" colspan=\"1\" style=\"\">\n<p style=\"text-align: center;\">Stromausfall \/ \u00dcberhitze \/ Sensorfehler \/ Temperaturschwankungen \/ Systemfehler<\/p>\n<\/td>\n<td data-th=\"Warm 6200\" rowspan=\"1\" colspan=\"1\" style=\"\">\n<p style=\"text-align: center;\">Stromausfall \/ \u00dcberhitze \/ Sensorfehler \/ Temperaturschwankungen \/ Systemfehler<\/p>\n<\/td>\n<\/tr>\n<tr>\n<td data-th=\"\" style=\"\">\n<p style=\"\">Warnung logging<\/p>\n<\/td>\n<td data-th=\"Warm 6100\" style=\"\">\n<p style=\"\">Nein<\/p>\n<\/td>\n<td data-th=\"Warm 6200\" style=\"\">\n<p style=\"\">Ja<\/p>\n<\/td>\n<\/tr>\n<\/tbody>\n<\/table>\n<h3 style=\"text-align: center;\">Matratzen<\/h3>\n<p><span><img decoding=\"async\" alt=\"\" data-id=\"165\" width=\"427\" data-init-width=\"838\" height=\"427\" data-init-height=\"838\" title=\"heating-matresses\" loading=\"lazy\" src=\"https:\/\/www.eternal-med.eu\/wp-content\/uploads\/2023\/12\/heating-matresses.jpg\" data-width=\"427\" data-height=\"427\" style=\"aspect-ratio: auto 838 \/ 838;\"><\/span><\/p>\n<h4 style=\"text-align: left;\">W\u00e4rme Matratzen<\/h4>\n<ul>\n<li>Niederspannungsbetrieb<\/li>\n<li>Wasserdicht<\/li>\n<li>Carbon-Polymer Heiztechnologie<\/li>\n<li>Druckentlastungsschicht mit hoher Elastizit\u00e4t<\/li>\n<li>Leicht zu reinigen<\/li>\n<li>Drei unterschiedliche Ma\u00dfe&nbsp;<\/li>\n<\/ul>\n<h4 style=\"text-align: center;\">Matratre f\u00fcr Warm 6100<\/h4>\n<table data-rows=\"4\" data-cols=\"2\">\n<thead>\n<tr>\n<th style=\"\">\n<p>Modelle<\/p>\n<\/th>\n<th style=\"\">\n<p>Ma\u00df(L x B x H)<\/p>\n<\/th>\n<\/tr>\n<\/thead>\n<tbody>\n<tr>\n<td data-th=\"Modelle\">\n<p>Warm 5190<\/p>\n<\/td>\n<td data-th=\"Ma\u00df(L x B x H)  @media print {    .ms-editor-squiggler {        display:none !important;    }  }  .ms-editor-squiggler {    all: initial;    display: block !important;    height: 0px !important;    width: 0px !important;  }\">\n<p><span style=\"--tcb-applied-color: var$(--tcb-skin-color-5) !important; color: var(--tcb-skin-color-5) !important;\">1900mm<\/span> x 520mm x 30mm<\/p>\n<\/td>\n<\/tr>\n<tr>\n<td data-th=\"Modelle\">\n<p>Warm 5120<\/p>\n<\/td>\n<td data-th=\"Ma\u00df(L x B x H)  @media print {    .ms-editor-squiggler {        display:none !important;    }  }  .ms-editor-squiggler {    all: initial;    display: block !important;    height: 0px !important;    width: 0px !important;  }\">\n<p>1200mm x 520mm x 30mm<\/p>\n<\/td>\n<\/tr>\n<tr>\n<td data-th=\"Modelle\">\n<p>Warm 5100<\/p>\n<\/td>\n<td data-th=\"Ma\u00df(L x B x H)  @media print {    .ms-editor-squiggler {        display:none !important;    }  }  .ms-editor-squiggler {    all: initial;    display: block !important;    height: 0px !important;    width: 0px !important;  }\">\n<p>1070mm x 520mm x 30mm<\/p>\n<\/td>\n<\/tr>\n<\/tbody>\n<\/table>\n<h4 style=\"text-align: center;\">Matratze f\u00fcr Warm 6200<\/h4>\n<table data-rows=\"4\" data-cols=\"2\">\n<thead>\n<tr>\n<th style=\"\">\n<p>Modelle<\/p>\n<\/th>\n<th style=\"\">\n<p>Ma\u00df(L x B x H)<\/p>\n<\/th>\n<\/tr>\n<\/thead>\n<tbody>\n<tr>\n<td data-th=\"Modelle\">\n<p>Warm 5290<\/p>\n<\/td>\n<td data-th=\"Ma\u00df(L x B x H)  @media print {    .ms-editor-squiggler {        display:none !important;    }  }  .ms-editor-squiggler {    all: initial;    display: block !important;    height: 0px !important;    width: 0px !important;  }\">\n<p><span style=\"--tcb-applied-color: var$(--tcb-skin-color-5) !important; color: var(--tcb-skin-color-5) !important;\">1900mm<\/span> x 520mm x 30mm<\/p>\n<\/td>\n<\/tr>\n<tr>\n<td data-th=\"Modelle\">\n<p>Warm 5220<\/p>\n<\/td>\n<td data-th=\"Ma\u00df(L x B x H)  @media print {    .ms-editor-squiggler {        display:none !important;    }  }  .ms-editor-squiggler {    all: initial;    display: block !important;    height: 0px !important;    width: 0px !important;  }\">\n<p>1200mm x 520mm x 30mm<\/p>\n<\/td>\n<\/tr>\n<tr>\n<td data-th=\"Modelle\">\n<p>Warm 5200<\/p>\n<\/td>\n<td data-th=\"Ma\u00df(L x B x H)  @media print {    .ms-editor-squiggler {        display:none !important;    }  }  .ms-editor-squiggler {    all: initial;    display: block !important;    height: 0px !important;    width: 0px !important;  }\">\n<p>1070mm x 520mm x 30mm<\/p>\n<\/td>\n<\/tr>\n<\/tbody>\n<\/table>\n<h3 style=\"text-align: center;\">Decken<\/h3>\n<p><span><img decoding=\"async\" alt=\"\" data-id=\"164\" width=\"428\" data-init-width=\"838\" height=\"428\" data-init-height=\"838\" title=\"warming-blankets\" loading=\"lazy\" src=\"https:\/\/www.eternal-med.eu\/wp-content\/uploads\/2023\/12\/warming-blankets.jpg\" data-width=\"428\" data-height=\"428\" style=\"aspect-ratio: auto 838 \/ 838;\"><\/span><\/p>\n<h4 style=\"text-align: left;\">W\u00e4rme Decken<\/h4>\n<ul>\n<li>Niederspannungsbetrieb<\/li>\n<li>Wasserdicht<\/li>\n<li>Schnellere Erw\u00e4rmung<\/li>\n<li>Gleichm\u00e4\u00dfig beheizt<\/li>\n<li>Leicht zu reinigen<\/li>\n<li>Long service life<\/li>\n<\/ul>\n<h4 style=\"text-align: center;\">Optionen<\/h4>\n<p><span><img decoding=\"async\" alt=\"\" data-id=\"168\" width=\"249\" data-init-width=\"473\" height=\"249\" data-init-height=\"473\" title=\"bl1\" loading=\"lazy\" src=\"https:\/\/www.eternal-med.eu\/wp-content\/uploads\/2023\/12\/bl1.jpg\" data-width=\"249\" data-height=\"249\" style=\"aspect-ratio: auto 473 \/ 473;\"><\/span><\/p>\n<p style=\"text-align: center;\">Shoulder blanket<\/p>\n<p><span><img decoding=\"async\" alt=\"\" data-id=\"169\" width=\"249\" data-init-width=\"473\" height=\"249\" data-init-height=\"473\" title=\"bl2\" loading=\"lazy\" src=\"https:\/\/www.eternal-med.eu\/wp-content\/uploads\/2023\/12\/bl2.jpg\" data-width=\"249\" data-height=\"249\" style=\"aspect-ratio: auto 473 \/ 473;\"><\/span><\/p>\n<p style=\"text-align: center;\">Regional blanket (Torso)<\/p>\n<p><span><img decoding=\"async\" alt=\"\" data-id=\"170\" width=\"249\" data-init-width=\"473\" height=\"249\" data-init-height=\"473\" title=\"bl3\" loading=\"lazy\" src=\"https:\/\/www.eternal-med.eu\/wp-content\/uploads\/2023\/12\/bl3.jpg\" data-width=\"249\" data-height=\"249\" style=\"aspect-ratio: auto 473 \/ 473;\"><\/span><\/p>\n<p style=\"text-align: center;\">Reginal blanket (Leg)<\/p>\n<p><span><img decoding=\"async\" alt=\"\" data-id=\"167\" width=\"249\" data-init-width=\"473\" height=\"249\" data-init-height=\"473\" title=\"bl4\" loading=\"lazy\" src=\"https:\/\/www.eternal-med.eu\/wp-content\/uploads\/2023\/12\/bl4.jpg\" data-width=\"249\" data-height=\"249\" style=\"aspect-ratio: auto 473 \/ 473;\"><\/span><\/p>\n<p style=\"text-align: center;\">Full Body blanket<\/p>\n<h4 style=\"text-align: center;\">Decke f\u00fcr Warm 6100<\/h4>\n<table data-rows=\"4\" data-cols=\"2\">\n<thead>\n<tr>\n<th style=\"\">\n<p>Model<\/p>\n<\/th>\n<th style=\"\">\n<p>Ma\u00df(L x B x H)<\/p>\n<\/th>\n<\/tr>\n<\/thead>\n<tbody>\n<tr>\n<td data-th=\"Model\">\n<p>Warm 8160 (Full Body)<\/p>\n<\/td>\n<td data-th=\"Ma\u00df(L x B x H)  @media print {    .ms-editor-squiggler {        display:none !important;    }  }  .ms-editor-squiggler {    all: initial;    display: block !important;    height: 0px !important;    width: 0px !important;  }\">\n<p><span style=\"--tcb-applied-color: var$(--tcb-skin-color-5) !important; color: var(--tcb-skin-color-5) !important;\">1660mm<\/span> x 850mm x 15mm<\/p>\n<\/td>\n<\/tr>\n<tr>\n<td data-th=\"Model\">\n<p>Warm 8180 (Shoulder)<\/p>\n<\/td>\n<td data-th=\"Ma\u00df(L x B x H)  @media print {    .ms-editor-squiggler {        display:none !important;    }  }  .ms-editor-squiggler {    all: initial;    display: block !important;    height: 0px !important;    width: 0px !important;  }\">\n<p>1800mm x 400mm x 15mm<\/p>\n<\/td>\n<\/tr>\n<tr>\n<td data-th=\"Model\">\n<p>Warm 8100 (Regional)<\/p>\n<\/td>\n<td data-th=\"Ma\u00df(L x B x H)  @media print {    .ms-editor-squiggler {        display:none !important;    }  }  .ms-editor-squiggler {    all: initial;    display: block !important;    height: 0px !important;    width: 0px !important;  }\">\n<p>1000mm x 700mm x 15mm<\/p>\n<\/td>\n<\/tr>\n<\/tbody>\n<\/table>\n<h4 style=\"text-align: center;\">Decke fur Warm 6200<\/h4>\n<table data-rows=\"4\" data-cols=\"2\">\n<thead>\n<tr>\n<th style=\"\">\n<p>Model<\/p>\n<\/th>\n<th style=\"\">\n<p>Ma\u00df(L x B x H)<\/p>\n<\/th>\n<\/tr>\n<\/thead>\n<tbody>\n<tr>\n<td data-th=\"Model\">\n<p>Warm 8260 (Full Body)<\/p>\n<\/td>\n<td data-th=\"Ma\u00df(L x B x H)  @media print {    .ms-editor-squiggler {        display:none !important;    }  }  .ms-editor-squiggler {    all: initial;    display: block !important;    height: 0px !important;    width: 0px !important;  }\">\n<p><span style=\"--tcb-applied-color: var$(--tcb-skin-color-5) !important; color: var(--tcb-skin-color-5) !important;\">1660mm<\/span> x 850mm x 15mm<\/p>\n<\/td>\n<\/tr>\n<tr>\n<td data-th=\"Model\">\n<p>Warm 8280 (Shoulder)<\/p>\n<\/td>\n<td data-th=\"Ma\u00df(L x B x H)  @media print {    .ms-editor-squiggler {        display:none !important;    }  }  .ms-editor-squiggler {    all: initial;    display: block !important;    height: 0px !important;    width: 0px !important;  }\">\n<p>1800mm x 400mm x 15mm<\/p>\n<\/td>\n<\/tr>\n<tr>\n<td data-th=\"Model\">\n<p>Warm 8200 (Regional)<\/p>\n<\/td>\n<td data-th=\"Ma\u00df(L x B x H)  @media print {    .ms-editor-squiggler {        display:none !important;    }  }  .ms-editor-squiggler {    all: initial;    display: block !important;    height: 0px !important;    width: 0px !important;  }\">\n<p>1000mm x 700mm x 15mm<\/p>\n<\/td>\n<\/tr>\n<\/tbody>\n<\/table>\n","protected":false},"excerpt":{"rendered":"<p>EterNal Professionelle Patientenw\u00e4rmesystem Eternal&#8217;s professionelle L\u00f6sung f\u00fcr das Management der Patientenw\u00e4rmung hilft bei der Behandlung und Vorbeugung von Unterk\u00fchlung w\u00e4hrend des gesamten perioperativen Zeitraums. Sie wird h\u00e4ufig in der Chirurgie und Intensivpflege eingesetzt. Vorteile Patientensicherheit Die Patientensicherheit wird durch die Verwendung des Eternal Warm-Serien-W\u00e4rmesystems gew\u00e4hrleistet, da sichere Systeme die Decken und Matratzen mit einer sicheren [&hellip;]<\/p>\n","protected":false},"author":1,"featured_media":0,"parent":0,"menu_order":0,"comment_status":"closed","ping_status":"closed","template":"","meta":{"footnotes":""},"class_list":["post-292","page","type-page","status-publish","hentry","post-wrapper","thrv_wrapper"],"yoast_head":"<!-- This site is optimized with the Yoast SEO plugin v27.1.1 - https:\/\/yoast.com\/product\/yoast-seo-wordpress\/ -->\n<title>Patientenw\u00e4rmesystem - Eternal Medical<\/title>\n<meta name=\"robots\" content=\"index, follow, max-snippet:-1, max-image-preview:large, max-video-preview:-1\" \/>\n<link rel=\"canonical\" href=\"https:\/\/www.eternal-med.eu\/de\/patientenwaermesystem\/\" \/>\n<meta property=\"og:locale\" content=\"de_DE\" \/>\n<meta property=\"og:type\" content=\"article\" \/>\n<meta property=\"og:title\" content=\"Patientenw\u00e4rmesystem - Eternal Medical\" \/>\n<meta property=\"og:description\" content=\"EterNal Professionelle Patientenw\u00e4rmesystem Eternal&#8217;s professionelle L\u00f6sung f\u00fcr das Management der Patientenw\u00e4rmung hilft bei der Behandlung und Vorbeugung von Unterk\u00fchlung w\u00e4hrend des gesamten perioperativen Zeitraums. Sie wird h\u00e4ufig in der Chirurgie und Intensivpflege eingesetzt. Vorteile Patientensicherheit Die Patientensicherheit wird durch die Verwendung des Eternal Warm-Serien-W\u00e4rmesystems gew\u00e4hrleistet, da sichere Systeme die Decken und Matratzen mit einer sicheren [&hellip;]\" \/>\n<meta property=\"og:url\" content=\"https:\/\/www.eternal-med.eu\/de\/patientenwaermesystem\/\" \/>\n<meta property=\"og:site_name\" content=\"Eternal Medical\" \/>\n<meta property=\"article:modified_time\" content=\"2024-02-13T13:26:27+00:00\" \/>\n<meta property=\"og:image\" content=\"https:\/\/www.eternal-med.eu\/wp-content\/uploads\/2023\/12\/patient-warming-system-1024x585.png\" \/>\n<meta name=\"twitter:card\" content=\"summary_large_image\" \/>\n<meta name=\"twitter:label1\" content=\"Gesch\u00e4tzte Lesezeit\" \/>\n\t<meta name=\"twitter:data1\" content=\"2\u00a0Minuten\" \/>\n<script type=\"application\/ld+json\" class=\"yoast-schema-graph\">{\"@context\":\"https:\/\/schema.org\",\"@graph\":[{\"@type\":\"WebPage\",\"@id\":\"https:\/\/www.eternal-med.eu\/de\/patientenwaermesystem\/\",\"url\":\"https:\/\/www.eternal-med.eu\/de\/patientenwaermesystem\/\",\"name\":\"Patientenw\u00e4rmesystem - Eternal Medical\",\"isPartOf\":{\"@id\":\"https:\/\/www.eternal-med.eu\/de\/#website\"},\"primaryImageOfPage\":{\"@id\":\"https:\/\/www.eternal-med.eu\/de\/patientenwaermesystem\/#primaryimage\"},\"image\":{\"@id\":\"https:\/\/www.eternal-med.eu\/de\/patientenwaermesystem\/#primaryimage\"},\"thumbnailUrl\":\"https:\/\/www.eternal-med.eu\/wp-content\/uploads\/2023\/12\/patient-warming-system-1024x585.png\",\"datePublished\":\"2023-11-19T23:32:30+00:00\",\"dateModified\":\"2024-02-13T13:26:27+00:00\",\"breadcrumb\":{\"@id\":\"https:\/\/www.eternal-med.eu\/de\/patientenwaermesystem\/#breadcrumb\"},\"inLanguage\":\"de\",\"potentialAction\":[{\"@type\":\"ReadAction\",\"target\":[\"https:\/\/www.eternal-med.eu\/de\/patientenwaermesystem\/\"]}]},{\"@type\":\"ImageObject\",\"inLanguage\":\"de\",\"@id\":\"https:\/\/www.eternal-med.eu\/de\/patientenwaermesystem\/#primaryimage\",\"url\":\"https:\/\/www.eternal-med.eu\/wp-content\/uploads\/2023\/12\/patient-warming-system-1024x585.png\",\"contentUrl\":\"https:\/\/www.eternal-med.eu\/wp-content\/uploads\/2023\/12\/patient-warming-system-1024x585.png\"},{\"@type\":\"BreadcrumbList\",\"@id\":\"https:\/\/www.eternal-med.eu\/de\/patientenwaermesystem\/#breadcrumb\",\"itemListElement\":[{\"@type\":\"ListItem\",\"position\":1,\"name\":\"Home\",\"item\":\"https:\/\/www.eternal-med.eu\/de\/\"},{\"@type\":\"ListItem\",\"position\":2,\"name\":\"Patientenw\u00e4rmesystem\"}]},{\"@type\":\"WebSite\",\"@id\":\"https:\/\/www.eternal-med.eu\/de\/#website\",\"url\":\"https:\/\/www.eternal-med.eu\/de\/\",\"name\":\"Eternal Medical\",\"description\":\"Patient Temperature Management Solution\",\"potentialAction\":[{\"@type\":\"SearchAction\",\"target\":{\"@type\":\"EntryPoint\",\"urlTemplate\":\"https:\/\/www.eternal-med.eu\/de\/?s={search_term_string}\"},\"query-input\":{\"@type\":\"PropertyValueSpecification\",\"valueRequired\":true,\"valueName\":\"search_term_string\"}}],\"inLanguage\":\"de\"}]}<\/script>\n<!-- \/ Yoast SEO plugin. -->","yoast_head_json":{"title":"Patientenw\u00e4rmesystem - Eternal Medical","robots":{"index":"index","follow":"follow","max-snippet":"max-snippet:-1","max-image-preview":"max-image-preview:large","max-video-preview":"max-video-preview:-1"},"canonical":"https:\/\/www.eternal-med.eu\/de\/patientenwaermesystem\/","og_locale":"de_DE","og_type":"article","og_title":"Patientenw\u00e4rmesystem - Eternal Medical","og_description":"EterNal Professionelle Patientenw\u00e4rmesystem Eternal&#8217;s professionelle L\u00f6sung f\u00fcr das Management der Patientenw\u00e4rmung hilft bei der Behandlung und Vorbeugung von Unterk\u00fchlung w\u00e4hrend des gesamten perioperativen Zeitraums. Sie wird h\u00e4ufig in der Chirurgie und Intensivpflege eingesetzt. Vorteile Patientensicherheit Die Patientensicherheit wird durch die Verwendung des Eternal Warm-Serien-W\u00e4rmesystems gew\u00e4hrleistet, da sichere Systeme die Decken und Matratzen mit einer sicheren [&hellip;]","og_url":"https:\/\/www.eternal-med.eu\/de\/patientenwaermesystem\/","og_site_name":"Eternal Medical","article_modified_time":"2024-02-13T13:26:27+00:00","og_image":[{"url":"https:\/\/www.eternal-med.eu\/wp-content\/uploads\/2023\/12\/patient-warming-system-1024x585.png","type":"","width":"","height":""}],"twitter_card":"summary_large_image","twitter_misc":{"Gesch\u00e4tzte Lesezeit":"2\u00a0Minuten"},"schema":{"@context":"https:\/\/schema.org","@graph":[{"@type":"WebPage","@id":"https:\/\/www.eternal-med.eu\/de\/patientenwaermesystem\/","url":"https:\/\/www.eternal-med.eu\/de\/patientenwaermesystem\/","name":"Patientenw\u00e4rmesystem - Eternal Medical","isPartOf":{"@id":"https:\/\/www.eternal-med.eu\/de\/#website"},"primaryImageOfPage":{"@id":"https:\/\/www.eternal-med.eu\/de\/patientenwaermesystem\/#primaryimage"},"image":{"@id":"https:\/\/www.eternal-med.eu\/de\/patientenwaermesystem\/#primaryimage"},"thumbnailUrl":"https:\/\/www.eternal-med.eu\/wp-content\/uploads\/2023\/12\/patient-warming-system-1024x585.png","datePublished":"2023-11-19T23:32:30+00:00","dateModified":"2024-02-13T13:26:27+00:00","breadcrumb":{"@id":"https:\/\/www.eternal-med.eu\/de\/patientenwaermesystem\/#breadcrumb"},"inLanguage":"de","potentialAction":[{"@type":"ReadAction","target":["https:\/\/www.eternal-med.eu\/de\/patientenwaermesystem\/"]}]},{"@type":"ImageObject","inLanguage":"de","@id":"https:\/\/www.eternal-med.eu\/de\/patientenwaermesystem\/#primaryimage","url":"https:\/\/www.eternal-med.eu\/wp-content\/uploads\/2023\/12\/patient-warming-system-1024x585.png","contentUrl":"https:\/\/www.eternal-med.eu\/wp-content\/uploads\/2023\/12\/patient-warming-system-1024x585.png"},{"@type":"BreadcrumbList","@id":"https:\/\/www.eternal-med.eu\/de\/patientenwaermesystem\/#breadcrumb","itemListElement":[{"@type":"ListItem","position":1,"name":"Home","item":"https:\/\/www.eternal-med.eu\/de\/"},{"@type":"ListItem","position":2,"name":"Patientenw\u00e4rmesystem"}]},{"@type":"WebSite","@id":"https:\/\/www.eternal-med.eu\/de\/#website","url":"https:\/\/www.eternal-med.eu\/de\/","name":"Eternal Medical","description":"Patient Temperature Management Solution","potentialAction":[{"@type":"SearchAction","target":{"@type":"EntryPoint","urlTemplate":"https:\/\/www.eternal-med.eu\/de\/?s={search_term_string}"},"query-input":{"@type":"PropertyValueSpecification","valueRequired":true,"valueName":"search_term_string"}}],"inLanguage":"de"}]}},"_links":{"self":[{"href":"https:\/\/www.eternal-med.eu\/de\/wp-json\/wp\/v2\/pages\/292","targetHints":{"allow":["GET"]}}],"collection":[{"href":"https:\/\/www.eternal-med.eu\/de\/wp-json\/wp\/v2\/pages"}],"about":[{"href":"https:\/\/www.eternal-med.eu\/de\/wp-json\/wp\/v2\/types\/page"}],"author":[{"embeddable":true,"href":"https:\/\/www.eternal-med.eu\/de\/wp-json\/wp\/v2\/users\/1"}],"replies":[{"embeddable":true,"href":"https:\/\/www.eternal-med.eu\/de\/wp-json\/wp\/v2\/comments?post=292"}],"version-history":[{"count":11,"href":"https:\/\/www.eternal-med.eu\/de\/wp-json\/wp\/v2\/pages\/292\/revisions"}],"predecessor-version":[{"id":374,"href":"https:\/\/www.eternal-med.eu\/de\/wp-json\/wp\/v2\/pages\/292\/revisions\/374"}],"wp:attachment":[{"href":"https:\/\/www.eternal-med.eu\/de\/wp-json\/wp\/v2\/media?parent=292"}],"curies":[{"name":"wp","href":"https:\/\/api.w.org\/{rel}","templated":true}]}}