{"id":412,"date":"2023-11-18T23:40:22","date_gmt":"2023-11-18T22:40:22","guid":{"rendered":"https:\/\/www.eternal-med.eu\/generated-homepage\/"},"modified":"2025-10-19T19:51:03","modified_gmt":"2025-10-19T18:51:03","slug":"generated-homepage","status":"publish","type":"page","link":"https:\/\/www.eternal-med.eu\/es\/","title":{"rendered":"P\u00e1gina\u00a0de\u00a0inicio"},"content":{"rendered":"<h1>Temperatura m\u00e9dica<\/h1>\n<h1>Soluci\u00f3n de gesti\u00f3n<\/h1>\n<p><span style=\"\"><img decoding=\"async\" alt=\"\" data-id=\"182\" width=\"586\" data-init-width=\"800\" height=\"390\" data-init-height=\"533\" title=\"homeproducts\" loading=\"lazy\" src=\"https:\/\/www.eternal-med.eu\/wp-content\/uploads\/2023\/12\/homeproducts.png\" data-width=\"586\" data-height=\"390\" style=\"aspect-ratio: auto 800 \/ 533;\" ml-d=\"-10.640999999999963\" mt-d=\"0\"><span style=\"\"><\/span><\/span><\/p>\n<h2 style=\"text-align: center;\">Sobre nosotros<\/h2>\n<p style=\"text-align: justify;\">Desde su fundaci\u00f3n en 2012, Ethernal se centra continuamente en desarrollar y proporcionar soluciones avanzadas de gesti\u00f3n de la temperatura del paciente. Ayudamos al instituto m\u00e9dico profesional a mejorar los resultados de sus pacientes y la satisfacci\u00f3n general.<\/p>\n<h2 style=\"text-align: center;\">Producto y soluci\u00f3n<\/h2>\n<p><span><a href=\"https:\/\/www.eternal-med.eu\/es\/sistema-de-calentamiento-de-pacientes\/\" rel=\"\"><img decoding=\"async\" alt=\"\" data-id=\"142\" width=\"300\" data-init-width=\"600\" height=\"300\" data-init-height=\"600\" title=\"warm6200\" loading=\"lazy\" src=\"https:\/\/www.eternal-med.eu\/wp-content\/uploads\/2023\/12\/warm6200-1.png\" data-width=\"300\" data-height=\"300\" style=\"aspect-ratio: auto 600 \/ 600;\" data-link-wrap=\"1\"><\/a><\/span><\/p>\n<h3 style=\"\"><a href=\"https:\/\/www.eternal-med.eu\/es\/sistema-de-calentamiento-de-pacientes\/\" target=\"_blank\" style=\"outline: none;\"><\/a><a href=\"https:\/\/www.eternal-med.eu\/es\/sistema-de-calentamiento-de-pacientes\/\" target=\"_blank\" style=\"outline: none;\">Sistema de calentamiento del pacient<\/a>e<\/h3>\n<p style=\"\">El sistema de calentamiento del paciente Warm 6100 y Warm 6200 se utiliza para calentar el cuerpo de un paciente con el calor generado por los colchones\/mantas el\u00e9ctricas para prevenir la hipotermia durante todo el per\u00edodo perioperatorio.<\/p>\n<p><span><img decoding=\"async\" alt=\"\" data-id=\"188\" width=\"300\" data-init-width=\"500\" height=\"300\" data-init-height=\"500\" title=\"warm3200\" loading=\"lazy\" src=\"https:\/\/www.eternal-med.eu\/wp-content\/uploads\/2023\/12\/warm3200.png\" data-width=\"300\" data-height=\"300\" style=\"aspect-ratio: auto 500 \/ 500;\"><\/span><\/p>\n<h3>Sistema de calentamiento de l\u00edquidos (pendiente CE)<\/h3>\n<p style=\"text-align: justify;\">El calentador de sangre e infusi\u00f3n Eternal warm3200 y Warm 3600 puede calentar la sangre almacenada, los productos sangu\u00edneos, las soluciones intravenosas y los l\u00edquidos de irrigaci\u00f3n en el quir\u00f3fano, la UCI y todos los dem\u00e1s departamentos m\u00e9dicos para prevenir o reducir la hipotermia, lo que ayuda a acelerar el proceso de curaci\u00f3n de los pacientes y ahorrar presupuestos hospitalarios.<\/p>\n<p>Informaci\u00f3n de contacto de la UE<\/p>\n<p><span data-attr-id=\"2\" data-extra_key=\"1\" data-option-inline=\"1\" data-shortcode=\"thrive_global_fields\" data-shortcode-name=\"[Company] Name\">MELEOMED GmbH<\/span><\/p>\n<p><span data-attr-id=\"3\" data-attr-multiline=\"1\" data-extra_key=\"1\" data-option-inline=\"1\" data-shortcode=\"thrive_global_fields\" data-shortcode-name=\"[Company] Address\">Platz der Deutschen Eineheit 3Hattersheim am Main65795Germany<\/span><\/p>\n<p>Tel\u00e9fono: <span data-attr-enable_call=\"1\" data-attr-id=\"4\" data-extra_key=\"1\" data-option-inline=\"1\" data-shortcode=\"thrive_global_fields\" data-shortcode-name=\"[Company] Phone number\" data-attr-static-link=\"{&quot;className&quot;:&quot;&quot;,&quot;class&quot;:&quot;&quot;,&quot;href&quot;:&quot;tel:+49%206190%207%2056%2015%200&quot;}\"><a href=\"tel:+49%206190%207%2056%2015%200\">+49 6190 7 56 15 0<\/a><\/span><\/p>\n<p>Email:&nbsp;<span data-attr-enable_email=\"1\" data-attr-id=\"6\" data-extra_key=\"1\" data-option-inline=\"1\" data-shortcode=\"thrive_global_fields\" data-shortcode-name=\"[Company] Email address\" data-attr-static-link=\"{&quot;className&quot;:&quot;&quot;,&quot;class&quot;:&quot;&quot;,&quot;href&quot;:&quot;mailto:info@eternal-med.eu&quot;}\"><a href=\"mailto:info@eternal-med.eu\">info@eternal-med.eu<\/a><\/span><\/p>\n","protected":false},"excerpt":{"rendered":"<p>Temperatura m\u00e9dica Soluci\u00f3n de gesti\u00f3n Sobre nosotros Desde su fundaci\u00f3n en 2012, Ethernal se centra continuamente en desarrollar y proporcionar soluciones avanzadas de gesti\u00f3n de la temperatura del paciente. Ayudamos al instituto m\u00e9dico profesional a mejorar los resultados de sus pacientes y la satisfacci\u00f3n general. Producto y soluci\u00f3n Sistema de calentamiento del paciente El sistema [&hellip;]<\/p>\n","protected":false},"author":1,"featured_media":0,"parent":0,"menu_order":0,"comment_status":"closed","ping_status":"closed","template":"","meta":{"footnotes":""},"class_list":["post-412","page","type-page","status-publish","hentry","post-wrapper","thrv_wrapper"],"yoast_head":"<!-- This site is optimized with the Yoast SEO plugin v27.1.1 - https:\/\/yoast.com\/product\/yoast-seo-wordpress\/ -->\n<title>P\u00e1gina\u00a0de\u00a0inicio - Eternal Medical<\/title>\n<meta name=\"robots\" content=\"index, follow, max-snippet:-1, max-image-preview:large, max-video-preview:-1\" \/>\n<link rel=\"canonical\" href=\"https:\/\/www.eternal-med.eu\/es\/\" \/>\n<meta property=\"og:locale\" content=\"es_ES\" \/>\n<meta property=\"og:type\" content=\"article\" \/>\n<meta property=\"og:title\" content=\"P\u00e1gina\u00a0de\u00a0inicio - Eternal Medical\" \/>\n<meta property=\"og:description\" content=\"Temperatura m\u00e9dica Soluci\u00f3n de gesti\u00f3n Sobre nosotros Desde su fundaci\u00f3n en 2012, Ethernal se centra continuamente en desarrollar y proporcionar soluciones avanzadas de gesti\u00f3n de la temperatura del paciente. Ayudamos al instituto m\u00e9dico profesional a mejorar los resultados de sus pacientes y la satisfacci\u00f3n general. Producto y soluci\u00f3n Sistema de calentamiento del paciente El sistema [&hellip;]\" \/>\n<meta property=\"og:url\" content=\"https:\/\/www.eternal-med.eu\/es\/\" \/>\n<meta property=\"og:site_name\" content=\"Eternal Medical\" \/>\n<meta property=\"article:modified_time\" content=\"2025-10-19T18:51:03+00:00\" \/>\n<meta property=\"og:image\" content=\"https:\/\/www.eternal-med.eu\/wp-content\/uploads\/2023\/12\/homeproducts.png\" \/>\n<meta name=\"twitter:card\" content=\"summary_large_image\" \/>\n<meta name=\"twitter:label1\" content=\"Tiempo de lectura\" \/>\n\t<meta name=\"twitter:data1\" content=\"2 minutos\" \/>\n<script type=\"application\/ld+json\" class=\"yoast-schema-graph\">{\"@context\":\"https:\/\/schema.org\",\"@graph\":[{\"@type\":\"WebPage\",\"@id\":\"https:\/\/www.eternal-med.eu\/es\/\",\"url\":\"https:\/\/www.eternal-med.eu\/es\/\",\"name\":\"P\u00e1gina\u00a0de\u00a0inicio - Eternal Medical\",\"isPartOf\":{\"@id\":\"https:\/\/www.eternal-med.eu\/es\/#website\"},\"primaryImageOfPage\":{\"@id\":\"https:\/\/www.eternal-med.eu\/es\/#primaryimage\"},\"image\":{\"@id\":\"https:\/\/www.eternal-med.eu\/es\/#primaryimage\"},\"thumbnailUrl\":\"https:\/\/www.eternal-med.eu\/wp-content\/uploads\/2023\/12\/homeproducts.png\",\"datePublished\":\"2023-11-18T22:40:22+00:00\",\"dateModified\":\"2025-10-19T18:51:03+00:00\",\"breadcrumb\":{\"@id\":\"https:\/\/www.eternal-med.eu\/es\/#breadcrumb\"},\"inLanguage\":\"es\",\"potentialAction\":[{\"@type\":\"ReadAction\",\"target\":[\"https:\/\/www.eternal-med.eu\/es\/\"]}]},{\"@type\":\"ImageObject\",\"inLanguage\":\"es\",\"@id\":\"https:\/\/www.eternal-med.eu\/es\/#primaryimage\",\"url\":\"https:\/\/www.eternal-med.eu\/wp-content\/uploads\/2023\/12\/homeproducts.png\",\"contentUrl\":\"https:\/\/www.eternal-med.eu\/wp-content\/uploads\/2023\/12\/homeproducts.png\"},{\"@type\":\"BreadcrumbList\",\"@id\":\"https:\/\/www.eternal-med.eu\/es\/#breadcrumb\",\"itemListElement\":[{\"@type\":\"ListItem\",\"position\":1,\"name\":\"Home\",\"item\":\"https:\/\/www.eternal-med.eu\/es\/\"},{\"@type\":\"ListItem\",\"position\":2,\"name\":\"P\u00e1gina\u00a0de\u00a0inicio\"}]},{\"@type\":\"WebSite\",\"@id\":\"https:\/\/www.eternal-med.eu\/es\/#website\",\"url\":\"https:\/\/www.eternal-med.eu\/es\/\",\"name\":\"Eternal Medical\",\"description\":\"Patient Temperature Management Solution\",\"potentialAction\":[{\"@type\":\"SearchAction\",\"target\":{\"@type\":\"EntryPoint\",\"urlTemplate\":\"https:\/\/www.eternal-med.eu\/es\/?s={search_term_string}\"},\"query-input\":{\"@type\":\"PropertyValueSpecification\",\"valueRequired\":true,\"valueName\":\"search_term_string\"}}],\"inLanguage\":\"es\"}]}<\/script>\n<!-- \/ Yoast SEO plugin. -->","yoast_head_json":{"title":"P\u00e1gina\u00a0de\u00a0inicio - Eternal Medical","robots":{"index":"index","follow":"follow","max-snippet":"max-snippet:-1","max-image-preview":"max-image-preview:large","max-video-preview":"max-video-preview:-1"},"canonical":"https:\/\/www.eternal-med.eu\/es\/","og_locale":"es_ES","og_type":"article","og_title":"P\u00e1gina\u00a0de\u00a0inicio - Eternal Medical","og_description":"Temperatura m\u00e9dica Soluci\u00f3n de gesti\u00f3n Sobre nosotros Desde su fundaci\u00f3n en 2012, Ethernal se centra continuamente en desarrollar y proporcionar soluciones avanzadas de gesti\u00f3n de la temperatura del paciente. Ayudamos al instituto m\u00e9dico profesional a mejorar los resultados de sus pacientes y la satisfacci\u00f3n general. Producto y soluci\u00f3n Sistema de calentamiento del paciente El sistema [&hellip;]","og_url":"https:\/\/www.eternal-med.eu\/es\/","og_site_name":"Eternal Medical","article_modified_time":"2025-10-19T18:51:03+00:00","og_image":[{"url":"https:\/\/www.eternal-med.eu\/wp-content\/uploads\/2023\/12\/homeproducts.png","type":"","width":"","height":""}],"twitter_card":"summary_large_image","twitter_misc":{"Tiempo de lectura":"2 minutos"},"schema":{"@context":"https:\/\/schema.org","@graph":[{"@type":"WebPage","@id":"https:\/\/www.eternal-med.eu\/es\/","url":"https:\/\/www.eternal-med.eu\/es\/","name":"P\u00e1gina\u00a0de\u00a0inicio - Eternal Medical","isPartOf":{"@id":"https:\/\/www.eternal-med.eu\/es\/#website"},"primaryImageOfPage":{"@id":"https:\/\/www.eternal-med.eu\/es\/#primaryimage"},"image":{"@id":"https:\/\/www.eternal-med.eu\/es\/#primaryimage"},"thumbnailUrl":"https:\/\/www.eternal-med.eu\/wp-content\/uploads\/2023\/12\/homeproducts.png","datePublished":"2023-11-18T22:40:22+00:00","dateModified":"2025-10-19T18:51:03+00:00","breadcrumb":{"@id":"https:\/\/www.eternal-med.eu\/es\/#breadcrumb"},"inLanguage":"es","potentialAction":[{"@type":"ReadAction","target":["https:\/\/www.eternal-med.eu\/es\/"]}]},{"@type":"ImageObject","inLanguage":"es","@id":"https:\/\/www.eternal-med.eu\/es\/#primaryimage","url":"https:\/\/www.eternal-med.eu\/wp-content\/uploads\/2023\/12\/homeproducts.png","contentUrl":"https:\/\/www.eternal-med.eu\/wp-content\/uploads\/2023\/12\/homeproducts.png"},{"@type":"BreadcrumbList","@id":"https:\/\/www.eternal-med.eu\/es\/#breadcrumb","itemListElement":[{"@type":"ListItem","position":1,"name":"Home","item":"https:\/\/www.eternal-med.eu\/es\/"},{"@type":"ListItem","position":2,"name":"P\u00e1gina\u00a0de\u00a0inicio"}]},{"@type":"WebSite","@id":"https:\/\/www.eternal-med.eu\/es\/#website","url":"https:\/\/www.eternal-med.eu\/es\/","name":"Eternal Medical","description":"Patient Temperature Management Solution","potentialAction":[{"@type":"SearchAction","target":{"@type":"EntryPoint","urlTemplate":"https:\/\/www.eternal-med.eu\/es\/?s={search_term_string}"},"query-input":{"@type":"PropertyValueSpecification","valueRequired":true,"valueName":"search_term_string"}}],"inLanguage":"es"}]}},"_links":{"self":[{"href":"https:\/\/www.eternal-med.eu\/es\/wp-json\/wp\/v2\/pages\/412","targetHints":{"allow":["GET"]}}],"collection":[{"href":"https:\/\/www.eternal-med.eu\/es\/wp-json\/wp\/v2\/pages"}],"about":[{"href":"https:\/\/www.eternal-med.eu\/es\/wp-json\/wp\/v2\/types\/page"}],"author":[{"embeddable":true,"href":"https:\/\/www.eternal-med.eu\/es\/wp-json\/wp\/v2\/users\/1"}],"replies":[{"embeddable":true,"href":"https:\/\/www.eternal-med.eu\/es\/wp-json\/wp\/v2\/comments?post=412"}],"version-history":[{"count":9,"href":"https:\/\/www.eternal-med.eu\/es\/wp-json\/wp\/v2\/pages\/412\/revisions"}],"predecessor-version":[{"id":639,"href":"https:\/\/www.eternal-med.eu\/es\/wp-json\/wp\/v2\/pages\/412\/revisions\/639"}],"wp:attachment":[{"href":"https:\/\/www.eternal-med.eu\/es\/wp-json\/wp\/v2\/media?parent=412"}],"curies":[{"name":"wp","href":"https:\/\/api.w.org\/{rel}","templated":true}]}}