{"id":403,"date":"2023-11-18T23:40:22","date_gmt":"2023-11-18T22:40:22","guid":{"rendered":"https:\/\/www.eternal-med.eu\/generated-homepage\/"},"modified":"2025-12-02T17:27:45","modified_gmt":"2025-12-02T16:27:45","slug":"generated-homepage","status":"publish","type":"page","link":"https:\/\/www.eternal-med.eu\/it\/","title":{"rendered":"Casa"},"content":{"rendered":"<h1 style=\"\">Temperatura medicaSoluzione gestionale<\/h1>\n<p><span style=\"\"><img decoding=\"async\" alt=\"\" data-id=\"182\" width=\"586\" data-init-width=\"800\" height=\"390\" data-init-height=\"533\" title=\"homeproducts\" loading=\"lazy\" src=\"https:\/\/www.eternal-med.eu\/wp-content\/uploads\/2023\/12\/homeproducts.png\" data-width=\"586\" data-height=\"390\" style=\"aspect-ratio: auto 800 \/ 533;\" ml-d=\"-10.640999999999963\" mt-d=\"0\"><span style=\"\"><\/span><\/span><\/p>\n<h2 style=\"text-align: center;\">CHI SIAMO<\/h2>\n<p style=\"text-align: justify;\">Sin dalla sua fondazione nel 2012, Ethernal si \u00e8 costantemente concentrata sullo sviluppo e sulla fornitura di soluzioni avanzate per la gestione della temperatura dei pazienti. Aiutiamo l&#8217;istituto medico professionale a migliorare i risultati dei pazienti e la soddisfazione generale.<\/p>\n<h2 style=\"text-align: center;\">Prodotto e soluzione<\/h2>\n<p><span><a href=\"https:\/\/www.eternal-med.eu\/it\/sistema-di-riscaldamento-del-paziente\/\" rel=\"\"><img decoding=\"async\" alt=\"\" data-id=\"142\" width=\"300\" data-init-width=\"600\" height=\"300\" data-init-height=\"600\" title=\"warm6200\" loading=\"lazy\" src=\"https:\/\/www.eternal-med.eu\/wp-content\/uploads\/2023\/12\/warm6200-1.png\" data-width=\"300\" data-height=\"300\" style=\"aspect-ratio: auto 600 \/ 600;\" data-link-wrap=\"1\"><\/a><\/span><\/p>\n<h3><a href=\"https:\/\/www.eternal-med.eu\/it\/sistema-di-riscaldamento-del-paziente\/\" target=\"_blank\" style=\"outline: none;\"><\/a><a href=\"https:\/\/www.eternal-med.eu\/it\/sistema-di-riscaldamento-del-paziente\/\" target=\"_blank\" style=\"outline: none;\">Sistema di riscaldamento del paziente<\/a><\/h3>\n<p style=\"\">Il sistema di riscaldamento del paziente Warm 6100 e Warm 6200 viene utilizzato per riscaldare il corpo del paziente con il calore generato dai materassi\/coperte elettriche per prevenire l&#8217;ipotermia durante l&#8217;intero periodo perioperatorio.<\/p>\n<p><span><a href=\"https:\/\/www.eternal-med.eu\/it\/irrigation-tower\/\" rel=\"\"><img decoding=\"async\" alt=\"\" data-id=\"690\" width=\"300\" data-init-width=\"830\" height=\"300\" data-init-height=\"831\" title=\"Bst100sqrt\" loading=\"lazy\" src=\"https:\/\/www.eternal-med.eu\/wp-content\/uploads\/2025\/12\/Bst100sqrt.png\" data-width=\"300\" data-height=\"300\" style=\"aspect-ratio: auto 830 \/ 831;\" data-link-wrap=\"1\"><\/a><\/span><\/p>\n<h3 style=\"\"><a href=\"https:\/\/www.eternal-med.eu\/it\/irrigation-tower\/\" target=\"_blank\">Irrigation Tower<\/a><\/h3>\n<p style=\"text-align: justify;\">Irrigation Tower meccanica assistita da sollevamento, per garantire una perfusione efficiente e continua del liquido di scarico e prevenire il rischio di aria nell&#8217;ingresso della cavit\u00e0 articolare. \u00c8 comodo per il personale medico operare, riducendo il carico di lavoro. Il prodotto \u00e8 sicuro e pratico.<\/p>\n<p>Informazioni sul contatto con l&#8217;UE<\/p>\n<p><span data-attr-id=\"2\" data-extra_key=\"1\" data-option-inline=\"1\" data-shortcode=\"thrive_global_fields\" data-shortcode-name=\"[Company] Name\">MELEOMED GmbH<\/span><\/p>\n<p><span data-attr-id=\"3\" data-attr-multiline=\"1\" data-extra_key=\"1\" data-option-inline=\"1\" data-shortcode=\"thrive_global_fields\" data-shortcode-name=\"[Company] Address\">Platz der Deutschen Eineheit 3Hattersheim am Main65795Germany<\/span><\/p>\n<p>Telefono: <span data-attr-enable_call=\"1\" data-attr-id=\"4\" data-extra_key=\"1\" data-option-inline=\"1\" data-shortcode=\"thrive_global_fields\" data-shortcode-name=\"[Company] Phone number\" data-attr-static-link=\"{&quot;className&quot;:&quot;&quot;,&quot;class&quot;:&quot;&quot;,&quot;href&quot;:&quot;tel:+49%206190%207%2056%2015%200&quot;}\"><a href=\"tel:+49%206190%207%2056%2015%200\">+49 6190 7 56 15 0<\/a><\/span><\/p>\n<p>Email:&nbsp;<span data-attr-enable_email=\"1\" data-attr-id=\"6\" data-extra_key=\"1\" data-option-inline=\"1\" data-shortcode=\"thrive_global_fields\" data-shortcode-name=\"[Company] Email address\" data-attr-static-link=\"{&quot;className&quot;:&quot;&quot;,&quot;class&quot;:&quot;&quot;,&quot;href&quot;:&quot;mailto:info@eternal-med.eu&quot;}\"><a href=\"mailto:info@eternal-med.eu\">info@eternal-med.eu<\/a><\/span><\/p>\n","protected":false},"excerpt":{"rendered":"<p>Temperatura medicaSoluzione gestionale CHI SIAMO Sin dalla sua fondazione nel 2012, Ethernal si \u00e8 costantemente concentrata sullo sviluppo e sulla fornitura di soluzioni avanzate per la gestione della temperatura dei pazienti. Aiutiamo l&#8217;istituto medico professionale a migliorare i risultati dei pazienti e la soddisfazione generale. Prodotto e soluzione Sistema di riscaldamento del paziente Il sistema [&hellip;]<\/p>\n","protected":false},"author":1,"featured_media":0,"parent":0,"menu_order":0,"comment_status":"closed","ping_status":"closed","template":"","meta":{"footnotes":""},"class_list":["post-403","page","type-page","status-publish","hentry","post-wrapper","thrv_wrapper"],"yoast_head":"<!-- This site is optimized with the Yoast SEO plugin v27.1.1 - https:\/\/yoast.com\/product\/yoast-seo-wordpress\/ -->\n<title>Casa - Eternal Medical<\/title>\n<meta name=\"robots\" content=\"index, follow, max-snippet:-1, max-image-preview:large, max-video-preview:-1\" \/>\n<link rel=\"canonical\" href=\"https:\/\/www.eternal-med.eu\/it\/\" \/>\n<meta property=\"og:locale\" content=\"it_IT\" \/>\n<meta property=\"og:type\" content=\"article\" \/>\n<meta property=\"og:title\" content=\"Casa - Eternal Medical\" \/>\n<meta property=\"og:description\" content=\"Temperatura medicaSoluzione gestionale CHI SIAMO Sin dalla sua fondazione nel 2012, Ethernal si \u00e8 costantemente concentrata sullo sviluppo e sulla fornitura di soluzioni avanzate per la gestione della temperatura dei pazienti. Aiutiamo l&#8217;istituto medico professionale a migliorare i risultati dei pazienti e la soddisfazione generale. Prodotto e soluzione Sistema di riscaldamento del paziente Il sistema [&hellip;]\" \/>\n<meta property=\"og:url\" content=\"https:\/\/www.eternal-med.eu\/it\/\" \/>\n<meta property=\"og:site_name\" content=\"Eternal Medical\" \/>\n<meta property=\"article:modified_time\" content=\"2025-12-02T16:27:45+00:00\" \/>\n<meta property=\"og:image\" content=\"https:\/\/www.eternal-med.eu\/wp-content\/uploads\/2023\/12\/homeproducts.png\" \/>\n<meta name=\"twitter:card\" content=\"summary_large_image\" \/>\n<meta name=\"twitter:label1\" content=\"Tempo di lettura stimato\" \/>\n\t<meta name=\"twitter:data1\" content=\"2 minuti\" \/>\n<script type=\"application\/ld+json\" class=\"yoast-schema-graph\">{\"@context\":\"https:\/\/schema.org\",\"@graph\":[{\"@type\":\"WebPage\",\"@id\":\"https:\/\/www.eternal-med.eu\/it\/\",\"url\":\"https:\/\/www.eternal-med.eu\/it\/\",\"name\":\"Casa - Eternal Medical\",\"isPartOf\":{\"@id\":\"https:\/\/www.eternal-med.eu\/it\/#website\"},\"primaryImageOfPage\":{\"@id\":\"https:\/\/www.eternal-med.eu\/it\/#primaryimage\"},\"image\":{\"@id\":\"https:\/\/www.eternal-med.eu\/it\/#primaryimage\"},\"thumbnailUrl\":\"https:\/\/www.eternal-med.eu\/wp-content\/uploads\/2023\/12\/homeproducts.png\",\"datePublished\":\"2023-11-18T22:40:22+00:00\",\"dateModified\":\"2025-12-02T16:27:45+00:00\",\"breadcrumb\":{\"@id\":\"https:\/\/www.eternal-med.eu\/it\/#breadcrumb\"},\"inLanguage\":\"it-IT\",\"potentialAction\":[{\"@type\":\"ReadAction\",\"target\":[\"https:\/\/www.eternal-med.eu\/it\/\"]}]},{\"@type\":\"ImageObject\",\"inLanguage\":\"it-IT\",\"@id\":\"https:\/\/www.eternal-med.eu\/it\/#primaryimage\",\"url\":\"https:\/\/www.eternal-med.eu\/wp-content\/uploads\/2023\/12\/homeproducts.png\",\"contentUrl\":\"https:\/\/www.eternal-med.eu\/wp-content\/uploads\/2023\/12\/homeproducts.png\"},{\"@type\":\"BreadcrumbList\",\"@id\":\"https:\/\/www.eternal-med.eu\/it\/#breadcrumb\",\"itemListElement\":[{\"@type\":\"ListItem\",\"position\":1,\"name\":\"Home\",\"item\":\"https:\/\/www.eternal-med.eu\/it\/\"},{\"@type\":\"ListItem\",\"position\":2,\"name\":\"Casa\"}]},{\"@type\":\"WebSite\",\"@id\":\"https:\/\/www.eternal-med.eu\/it\/#website\",\"url\":\"https:\/\/www.eternal-med.eu\/it\/\",\"name\":\"Eternal Medical\",\"description\":\"Patient Temperature Management Solution\",\"potentialAction\":[{\"@type\":\"SearchAction\",\"target\":{\"@type\":\"EntryPoint\",\"urlTemplate\":\"https:\/\/www.eternal-med.eu\/it\/?s={search_term_string}\"},\"query-input\":{\"@type\":\"PropertyValueSpecification\",\"valueRequired\":true,\"valueName\":\"search_term_string\"}}],\"inLanguage\":\"it-IT\"}]}<\/script>\n<!-- \/ Yoast SEO plugin. -->","yoast_head_json":{"title":"Casa - Eternal Medical","robots":{"index":"index","follow":"follow","max-snippet":"max-snippet:-1","max-image-preview":"max-image-preview:large","max-video-preview":"max-video-preview:-1"},"canonical":"https:\/\/www.eternal-med.eu\/it\/","og_locale":"it_IT","og_type":"article","og_title":"Casa - Eternal Medical","og_description":"Temperatura medicaSoluzione gestionale CHI SIAMO Sin dalla sua fondazione nel 2012, Ethernal si \u00e8 costantemente concentrata sullo sviluppo e sulla fornitura di soluzioni avanzate per la gestione della temperatura dei pazienti. Aiutiamo l&#8217;istituto medico professionale a migliorare i risultati dei pazienti e la soddisfazione generale. Prodotto e soluzione Sistema di riscaldamento del paziente Il sistema [&hellip;]","og_url":"https:\/\/www.eternal-med.eu\/it\/","og_site_name":"Eternal Medical","article_modified_time":"2025-12-02T16:27:45+00:00","og_image":[{"url":"https:\/\/www.eternal-med.eu\/wp-content\/uploads\/2023\/12\/homeproducts.png","type":"","width":"","height":""}],"twitter_card":"summary_large_image","twitter_misc":{"Tempo di lettura stimato":"2 minuti"},"schema":{"@context":"https:\/\/schema.org","@graph":[{"@type":"WebPage","@id":"https:\/\/www.eternal-med.eu\/it\/","url":"https:\/\/www.eternal-med.eu\/it\/","name":"Casa - Eternal Medical","isPartOf":{"@id":"https:\/\/www.eternal-med.eu\/it\/#website"},"primaryImageOfPage":{"@id":"https:\/\/www.eternal-med.eu\/it\/#primaryimage"},"image":{"@id":"https:\/\/www.eternal-med.eu\/it\/#primaryimage"},"thumbnailUrl":"https:\/\/www.eternal-med.eu\/wp-content\/uploads\/2023\/12\/homeproducts.png","datePublished":"2023-11-18T22:40:22+00:00","dateModified":"2025-12-02T16:27:45+00:00","breadcrumb":{"@id":"https:\/\/www.eternal-med.eu\/it\/#breadcrumb"},"inLanguage":"it-IT","potentialAction":[{"@type":"ReadAction","target":["https:\/\/www.eternal-med.eu\/it\/"]}]},{"@type":"ImageObject","inLanguage":"it-IT","@id":"https:\/\/www.eternal-med.eu\/it\/#primaryimage","url":"https:\/\/www.eternal-med.eu\/wp-content\/uploads\/2023\/12\/homeproducts.png","contentUrl":"https:\/\/www.eternal-med.eu\/wp-content\/uploads\/2023\/12\/homeproducts.png"},{"@type":"BreadcrumbList","@id":"https:\/\/www.eternal-med.eu\/it\/#breadcrumb","itemListElement":[{"@type":"ListItem","position":1,"name":"Home","item":"https:\/\/www.eternal-med.eu\/it\/"},{"@type":"ListItem","position":2,"name":"Casa"}]},{"@type":"WebSite","@id":"https:\/\/www.eternal-med.eu\/it\/#website","url":"https:\/\/www.eternal-med.eu\/it\/","name":"Eternal Medical","description":"Patient Temperature Management Solution","potentialAction":[{"@type":"SearchAction","target":{"@type":"EntryPoint","urlTemplate":"https:\/\/www.eternal-med.eu\/it\/?s={search_term_string}"},"query-input":{"@type":"PropertyValueSpecification","valueRequired":true,"valueName":"search_term_string"}}],"inLanguage":"it-IT"}]}},"_links":{"self":[{"href":"https:\/\/www.eternal-med.eu\/it\/wp-json\/wp\/v2\/pages\/403","targetHints":{"allow":["GET"]}}],"collection":[{"href":"https:\/\/www.eternal-med.eu\/it\/wp-json\/wp\/v2\/pages"}],"about":[{"href":"https:\/\/www.eternal-med.eu\/it\/wp-json\/wp\/v2\/types\/page"}],"author":[{"embeddable":true,"href":"https:\/\/www.eternal-med.eu\/it\/wp-json\/wp\/v2\/users\/1"}],"replies":[{"embeddable":true,"href":"https:\/\/www.eternal-med.eu\/it\/wp-json\/wp\/v2\/comments?post=403"}],"version-history":[{"count":11,"href":"https:\/\/www.eternal-med.eu\/it\/wp-json\/wp\/v2\/pages\/403\/revisions"}],"predecessor-version":[{"id":700,"href":"https:\/\/www.eternal-med.eu\/it\/wp-json\/wp\/v2\/pages\/403\/revisions\/700"}],"wp:attachment":[{"href":"https:\/\/www.eternal-med.eu\/it\/wp-json\/wp\/v2\/media?parent=403"}],"curies":[{"name":"wp","href":"https:\/\/api.w.org\/{rel}","templated":true}]}}